{"id":3,"date":"2022-02-06T12:06:22","date_gmt":"2022-02-06T12:06:22","guid":{"rendered":"http:\/\/pb-kloakservice.dk\/?page_id=3"},"modified":"2023-03-07T11:06:23","modified_gmt":"2023-03-07T10:06:23","slug":"privacy-policy","status":"publish","type":"page","link":"https:\/\/pb-kloakservice.dk\/index.php\/privacy-policy\/","title":{"rendered":"Privatlivspolitik"},"content":{"rendered":"[et_pb_section admin_label=&#8221;section&#8221;]\n\t\t\t[et_pb_row admin_label=&#8221;row&#8221;]\n\t\t\t\t[et_pb_column type=&#8221;4_4&#8243;][et_pb_text admin_label=&#8221;Text&#8221;]\n<h2>Generelt<\/h2>\n\n\n\n<p>Som bes\u00f8gende p\u00e5 vores website er du i sikre h\u00e6nder. Nedenfor fremg\u00e5r vores datapolitik, som omhandler de oplysninger vi indsamler for at sikre brugeroplevelsen p\u00e5 vores side. Ydermere beskriver vi, hvorfor du med ro i sj\u00e6len kan navigere rundt p\u00e5 vores side uden at bekymre dig om, om vi misbruger dine digitale fodspor p\u00e5 siden.<\/p>\n\n\n\n<h2>Cookies<\/h2>\n\n\n\n<p>Vi anvender cookies p\u00e5 vores hjemmeside, som er data, der gemmes p\u00e5 din enhed (computer, mobil, tablet el. lign). Disse data har til form\u00e5l at genkende din enhed og \u00f8ge brugervenligheden samtidigt med at de husker indstillinger, m\u00e5lretter annoncer mm.<\/p>\n\n\n\n<p>Det er muligt at slette sine cookies og alternativt blokere dem.<br>Sletter eller blokerer du dog dine cookies, vil de annoncer du f\u00e5r vist ikke v\u00e6re liges\u00e5 relevante for dig. Desuden vil der oftere blive vist annoncer for dig.<\/p>\n\n\n\n<h3>Guides til sletning af cookies<\/h3>\n\n\n\n<p id=\"howto-title\"><a href=\"https:\/\/support.apple.com\/da-dk\/guide\/safari\/sfri11471\/mac\">Slet cookies for Safari p\u00e5 din mac&nbsp;<\/a><br><a href=\"https:\/\/support.apple.com\/da-dk\/HT201265\">Slet cookies for Safari p\u00e5 din iPhone, iPad eller iPod&nbsp;touch<\/a><br><a href=\"https:\/\/support.google.com\/chrome\/answer\/95647?co=GENIE.Platform%3DAndroid&amp;hl=da&amp;oco=0\">Slet cookies for Google Chrome p\u00e5 Android enheder<\/a><br><a href=\"https:\/\/support.google.com\/chrome\/answer\/95647?co=GENIE.Platform%3DDesktop&amp;hl=da&amp;oco=0\">Slet cookies for Google Chrome p\u00e5 din computer<\/a><br><a href=\"https:\/\/support.microsoft.com\/da-dk\/help\/10607\/microsoft-edge-view-delete-browser-history\">Slet cookies for Microsoft Edge p\u00e5 din computer<\/a><\/p>\n\n\n\n<p>Vores hjemmeside indeholder cookies fra nogle af <a href=\"https:\/\/online-tryghed.dk\/hyppige-tredjeparter-ved-digital-annoncering\/\">de mest hyppige tredjeparter<\/a>.<\/p>\n\n\n\n<h2><strong>Personoplysninger<\/strong><\/h2>\n\n\n\n<p>N\u00e5r du tilg\u00e5r vores hjemmeside registreres dine personoplysninger. Personoplysninger er informationer, som f\u00f8re tilbage til dig. Dette kan b.la. v\u00e6re oplysninger om din computer eller mobiltelefon, IP-nummer, geografisk placering, samt din navigering p\u00e5 siden. Disse oplysninger kan blive brugt ifm. nyhedsbreve, konkurrencer, unders\u00f8gelser mf.<\/p>\n\n\n\n<p>S\u00e5fremt du giver samtykke til og indtaster dit navn, e-mail, adresse, telefonnummer og betalingsoplysninger kan disse informationer ogs\u00e5 behandles. Som regel vil disse informationer kun v\u00e6re aktuelle at tilg\u00e5 ved oprettelse af et k\u00f8b eller login.<\/p>\n\n\n\n<h3><strong>Form\u00e5l med opbevaring af oplysninger<\/strong><\/h3>\n\n\n\n<p>Disse oplysninger har til form\u00e5l at identificere dig som bruger, s\u00e5dan at de annoncer, du m\u00e5tte f\u00e5 vist, f\u00e5r st\u00f8rst mulig relevans. Ydermere bruges oplysningerne til at registrere k\u00f8b og betalinger, samt sikre at de services, som du eftersp\u00f8rger, bliver leveret p\u00e5 korrekt vis \u2013 dette kan eksempelvis v\u00e6re nyhedsbreve, meddelelser etc.<\/p>\n\n\n\n<h3><strong>Sikkerhedsforanstaltninger<\/strong><\/h3>\n\n\n\n<p>Der er foretaget tekniske- samt organisatoriske foranstaltninger mod at de oplysninger, vi m\u00e5tte besidde, vil blive slettet, offentliggjort, manipuleret, forringet eller misbrugt i strid med lovgivningen.<\/p>\n\n\n\n<h3><strong>Tidsramme for opbevaring af oplysninger<\/strong><\/h3>\n\n\n\n<p>Oplysningerne gemmes i den periode, som er tilladt i henhold til lovgivningen. De bliver slettet, n\u00e5r det ikke l\u00e6ngere er n\u00f8dvendigt at opbevare dem. Perioden for opbevaring afh\u00e6nger af oplysningen samt baggrunden for opbevaring \u2013 derfor er det ikke muligt at pr\u00e6cisere periodens generelle l\u00e6ngde.<\/p>\n\n\n\n<h3><strong>Videregivelse af oplysninger til tredjeparter<br><\/strong><\/h3>\n\n\n\n<p>De oplysninger, der er kendt, videregives til en r\u00e6kke tredjeparter. Disse tredjeparter behandler oplysninger p\u00e5 vores vegne og m\u00e5 ikke benytte dem til egne form\u00e5l. Som tidligere n\u00e6vnt vil personoplysninger s\u00e5 som navn, e-mail, adresse mf. kun videregives, s\u00e5fremt der er givet samtykke til dette.<br>Vores databehandlere best\u00e5r udelukkende af selskaber i EU eller i lande, som har krav til tilstr\u00e6kkelig beskyttelse af dine oplysninger.<\/p>\n\n\n\n<h3><strong>Indsigt i oplysninger samt klager<\/strong><\/h3>\n\n\n\n<p>Det er altid din ret at f\u00e5 oplyst pr\u00e6cis hvile personoplysninger, vi behandler om dig. Desuden kan du til hver en tid frabede at oplysningerne anvendes. Ydermere kan du f\u00e5 tilbagekaldt dit samtykke til, at oplysninger om dig bliver behandlet. Hvis oplysninger, som m\u00e5tte blive behandlet, er forkerte, har du ret til at f\u00e5 slettet eller rettet disse. Dette sker ved at kontake os p\u00e5: kontakt@pb-kloakservice.dk.<\/p>\n\n\n\n<p>F\u00f8ler du, at vores behandling af dine personoplysninger er forkert, og \u00f8nsker du at klage, kan du tage kontakt til&nbsp;<a href=\"http:\/\/www.datatilsynet.dk\/\">Datatilsynet<\/a>.<\/p>\n\n\n\n<h2><strong>Udgiver<\/strong><\/h2>\n\n\n\n<p>Websitet ejes og publiceres af:<\/p>\n\n\n\n<p>PB Kloakservice<br>M\u00e5g\u00e5rdsvej 5<br>8850 Bjerringbro<br>Telefon: 42 60 91 91<br>Email: kontakt@pb-kloakservice.dk<br>CVR: DK42869759<\/p>\n[\/et_pb_text][\/et_pb_column]\n\t\t\t[\/et_pb_row]\n\t\t[\/et_pb_section]","protected":false},"excerpt":{"rendered":"<p>Generelt Som bes\u00f8gende p\u00e5 vores website er du i sikre h\u00e6nder. Nedenfor fremg\u00e5r vores datapolitik, som omhandler de oplysninger vi indsamler for at sikre brugeroplevelsen p\u00e5 vores side. Ydermere beskriver vi, hvorfor du med ro i sj\u00e6len kan navigere rundt p\u00e5 vores side uden at bekymre dig om, om vi misbruger dine digitale fodspor p\u00e5 [&hellip;]<\/p>\n","protected":false},"author":1,"featured_media":0,"parent":0,"menu_order":0,"comment_status":"closed","ping_status":"open","template":"","meta":{"_seopress_robots_primary_cat":"","_et_pb_use_builder":"on","_et_pb_old_content":"<!-- wp:heading -->\n<h2>Generelt<\/h2>\n<!-- \/wp:heading -->\n\n<!-- wp:paragraph -->\n<p>Som bes\u00f8gende p\u00e5 vores website er du i sikre h\u00e6nder. Nedenfor fremg\u00e5r vores datapolitik, som omhandler de oplysninger vi indsamler for at sikre brugeroplevelsen p\u00e5 vores side. Ydermere beskriver vi, hvorfor du med ro i sj\u00e6len kan navigere rundt p\u00e5 vores side uden at bekymre dig om, om vi misbruger dine digitale fodspor p\u00e5 siden.<\/p>\n<!-- \/wp:paragraph -->\n\n<!-- wp:heading -->\n<h2>Cookies<\/h2>\n<!-- \/wp:heading -->\n\n<!-- wp:paragraph -->\n<p>Vi anvender cookies p\u00e5 vores hjemmeside, som er data, der gemmes p\u00e5 din enhed (computer, mobil, tablet el. lign). Disse data har til form\u00e5l at genkende din enhed og \u00f8ge brugervenligheden samtidigt med at de husker indstillinger, m\u00e5lretter annoncer mm.<\/p>\n<!-- \/wp:paragraph -->\n\n<!-- wp:paragraph -->\n<p>Det er muligt at slette sine cookies og alternativt blokere dem.<br>Sletter eller blokerer du dog dine cookies, vil de annoncer du f\u00e5r vist ikke v\u00e6re liges\u00e5 relevante for dig. Desuden vil der oftere blive vist annoncer for dig.<\/p>\n<!-- \/wp:paragraph -->\n\n<!-- wp:heading {\"level\":3} -->\n<h3>Guides til sletning af cookies<\/h3>\n<!-- \/wp:heading -->\n\n<!-- wp:paragraph -->\n<p id=\"howto-title\"><a href=\"https:\/\/support.apple.com\/da-dk\/guide\/safari\/sfri11471\/mac\">Slet cookies for Safari p\u00e5 din mac&nbsp;<\/a><br><a href=\"https:\/\/support.apple.com\/da-dk\/HT201265\">Slet cookies for Safari p\u00e5 din iPhone, iPad eller iPod&nbsp;touch<\/a><br><a href=\"https:\/\/support.google.com\/chrome\/answer\/95647?co=GENIE.Platform%3DAndroid&amp;hl=da&amp;oco=0\">Slet cookies for Google Chrome p\u00e5 Android enheder<\/a><br><a href=\"https:\/\/support.google.com\/chrome\/answer\/95647?co=GENIE.Platform%3DDesktop&amp;hl=da&amp;oco=0\">Slet cookies for Google Chrome p\u00e5 din computer<\/a><br><a href=\"https:\/\/support.microsoft.com\/da-dk\/help\/10607\/microsoft-edge-view-delete-browser-history\">Slet cookies for Microsoft Edge p\u00e5 din computer<\/a><\/p>\n<!-- \/wp:paragraph -->\n\n<!-- wp:paragraph -->\n<p>Vores hjemmeside indeholder cookies fra nogle af <a href=\"https:\/\/online-tryghed.dk\/hyppige-tredjeparter-ved-digital-annoncering\/\">de mest hyppige tredjeparter<\/a>.<\/p>\n<!-- \/wp:paragraph -->\n\n<!-- wp:heading -->\n<h2><strong>Personoplysninger<\/strong><\/h2>\n<!-- \/wp:heading -->\n\n<!-- wp:paragraph -->\n<p>N\u00e5r du tilg\u00e5r vores hjemmeside registreres dine personoplysninger. Personoplysninger er informationer, som f\u00f8re tilbage til dig. Dette kan b.la. v\u00e6re oplysninger om din computer eller mobiltelefon, IP-nummer, geografisk placering, samt din navigering p\u00e5 siden. Disse oplysninger kan blive brugt ifm. nyhedsbreve, konkurrencer, unders\u00f8gelser mf.<\/p>\n<!-- \/wp:paragraph -->\n\n<!-- wp:paragraph -->\n<p>S\u00e5fremt du giver samtykke til og indtaster dit navn, e-mail, adresse, telefonnummer og betalingsoplysninger kan disse informationer ogs\u00e5 behandles. Som regel vil disse informationer kun v\u00e6re aktuelle at tilg\u00e5 ved oprettelse af et k\u00f8b eller login.<\/p>\n<!-- \/wp:paragraph -->\n\n<!-- wp:heading {\"level\":3} -->\n<h3><strong>Form\u00e5l med opbevaring af oplysninger<\/strong><\/h3>\n<!-- \/wp:heading -->\n\n<!-- wp:paragraph -->\n<p>Disse oplysninger har til form\u00e5l at identificere dig som bruger, s\u00e5dan at de annoncer, du m\u00e5tte f\u00e5 vist, f\u00e5r st\u00f8rst mulig relevans. Ydermere bruges oplysningerne til at registrere k\u00f8b og betalinger, samt sikre at de services, som du eftersp\u00f8rger, bliver leveret p\u00e5 korrekt vis \u2013 dette kan eksempelvis v\u00e6re nyhedsbreve, meddelelser etc.<\/p>\n<!-- \/wp:paragraph -->\n\n<!-- wp:heading {\"level\":3} -->\n<h3><strong>Sikkerhedsforanstaltninger<\/strong><\/h3>\n<!-- \/wp:heading -->\n\n<!-- wp:paragraph -->\n<p>Der er foretaget tekniske- samt organisatoriske foranstaltninger mod at de oplysninger, vi m\u00e5tte besidde, vil blive slettet, offentliggjort, manipuleret, forringet eller misbrugt i strid med lovgivningen.<\/p>\n<!-- \/wp:paragraph -->\n\n<!-- wp:heading {\"level\":3} -->\n<h3><strong>Tidsramme for opbevaring af oplysninger<\/strong><\/h3>\n<!-- \/wp:heading -->\n\n<!-- wp:paragraph -->\n<p>Oplysningerne gemmes i den periode, som er tilladt i henhold til lovgivningen. De bliver slettet, n\u00e5r det ikke l\u00e6ngere er n\u00f8dvendigt at opbevare dem. Perioden for opbevaring afh\u00e6nger af oplysningen samt baggrunden for opbevaring \u2013 derfor er det ikke muligt at pr\u00e6cisere periodens generelle l\u00e6ngde.<\/p>\n<!-- \/wp:paragraph -->\n\n<!-- wp:heading {\"level\":3} -->\n<h3><strong>Videregivelse af oplysninger til tredjeparter<br><\/strong><\/h3>\n<!-- \/wp:heading -->\n\n<!-- wp:paragraph -->\n<p>De oplysninger, der er kendt, videregives til en r\u00e6kke tredjeparter. Disse tredjeparter behandler oplysninger p\u00e5 vores vegne og m\u00e5 ikke benytte dem til egne form\u00e5l. Som tidligere n\u00e6vnt vil personoplysninger s\u00e5 som navn, e-mail, adresse mf. kun videregives, s\u00e5fremt der er givet samtykke til dette.<br>Vores databehandlere best\u00e5r udelukkende af selskaber i EU eller i lande, som har krav til tilstr\u00e6kkelig beskyttelse af dine oplysninger.<\/p>\n<!-- \/wp:paragraph -->\n\n<!-- wp:heading {\"level\":3} -->\n<h3><strong>Indsigt i oplysninger samt klager<\/strong><\/h3>\n<!-- \/wp:heading -->\n\n<!-- wp:paragraph -->\n<p>Det er altid din ret at f\u00e5 oplyst pr\u00e6cis hvile personoplysninger, vi behandler om dig. Desuden kan du til hver en tid frabede at oplysningerne anvendes. Ydermere kan du f\u00e5 tilbagekaldt dit samtykke til, at oplysninger om dig bliver behandlet. Hvis oplysninger, som m\u00e5tte blive behandlet, er forkerte, har du ret til at f\u00e5 slettet eller rettet disse. Dette sker ved at kontake os p\u00e5: kontakt@pb-kloakservice.dk.<\/p>\n<!-- \/wp:paragraph -->\n\n<!-- wp:paragraph -->\n<p>F\u00f8ler du, at vores behandling af dine personoplysninger er forkert, og \u00f8nsker du at klage, kan du tage kontakt til&nbsp;<a href=\"http:\/\/www.datatilsynet.dk\/\">Datatilsynet<\/a>.<\/p>\n<!-- \/wp:paragraph -->\n\n<!-- wp:heading -->\n<h2><strong>Udgiver<\/strong><\/h2>\n<!-- \/wp:heading -->\n\n<!-- wp:paragraph -->\n<p>Websitet ejes og publiceres af:<\/p>\n<!-- \/wp:paragraph -->\n\n<!-- wp:paragraph -->\n<p>PB Kloakservice<br>M\u00e5g\u00e5rdsvej 5<br>8850 Bjerringbro<br>Telefon: 42 60 91 91<br>Email: kontakt@pb-kloakservice.dk<br>CVR: DK42869759<\/p>\n<!-- \/wp:paragraph -->","_et_gb_content_width":"","_mi_skip_tracking":false,"_breakdance_hide_in_design_set":false,"_breakdance_tags":""},"_links":{"self":[{"href":"https:\/\/pb-kloakservice.dk\/index.php\/wp-json\/wp\/v2\/pages\/3"}],"collection":[{"href":"https:\/\/pb-kloakservice.dk\/index.php\/wp-json\/wp\/v2\/pages"}],"about":[{"href":"https:\/\/pb-kloakservice.dk\/index.php\/wp-json\/wp\/v2\/types\/page"}],"author":[{"embeddable":true,"href":"https:\/\/pb-kloakservice.dk\/index.php\/wp-json\/wp\/v2\/users\/1"}],"replies":[{"embeddable":true,"href":"https:\/\/pb-kloakservice.dk\/index.php\/wp-json\/wp\/v2\/comments?post=3"}],"version-history":[{"count":2,"href":"https:\/\/pb-kloakservice.dk\/index.php\/wp-json\/wp\/v2\/pages\/3\/revisions"}],"predecessor-version":[{"id":4082,"href":"https:\/\/pb-kloakservice.dk\/index.php\/wp-json\/wp\/v2\/pages\/3\/revisions\/4082"}],"wp:attachment":[{"href":"https:\/\/pb-kloakservice.dk\/index.php\/wp-json\/wp\/v2\/media?parent=3"}],"curies":[{"name":"wp","href":"https:\/\/api.w.org\/{rel}","templated":true}]}}