{"id":2,"date":"2022-02-06T12:06:22","date_gmt":"2022-02-06T12:06:22","guid":{"rendered":"http:\/\/pb-kloakservice.dk\/?page_id=2"},"modified":"2023-03-07T09:42:03","modified_gmt":"2023-03-07T08:42:03","slug":"sample-page","status":"publish","type":"page","link":"https:\/\/pb-kloakservice.dk\/index.php\/sample-page\/","title":{"rendered":"Om os"},"content":{"rendered":"[et_pb_section admin_label=&#8221;section&#8221;]\n\t\t\t[et_pb_row admin_label=&#8221;row&#8221;]\n\t\t\t\t[et_pb_column type=&#8221;4_4&#8243;][et_pb_text admin_label=&#8221;Text&#8221;]\n<div class=\"is-layout-flex wp-block-buttons\"><\/div>\n\n\n\n<p><br>Jeg tilbyder kloak service p\u00e5 stoppede afl\u00f8b, kloakker, k\u00f8kkenvaske osv&#8230;<br><br>Mit udstyr er en spulebil, den kommer nemt rundt fylder ikke meget og er meget udbredt i kbh. f.eks.<br><br>Den har intet sug s\u00e5 f.eks. t\u00f8mning af vejbr\u00f8nde\/septiktanke\/toilet tanke er ikke lige dens st\u00e6rke side, men har nogen dygtige samarbejdspartnere hvis det skal l\u00f8ses. Men alt andet klare den til UG.<br><br>Den har Rioned UrbanJet kloak spuler, den kan levere 200 bar vandtryk og alt inden for sk\u00e6remaskiner og skadeservice st\u00f8vsuger med pumpe og et kloak tv der kan optage. <br><br>Har valgt at starte selvst\u00e6ndigt og med 10 \u00e5rs erfaring har jeg set og pr\u00f8vet det meste.<br><br>Ingen skjulte gebyr eller till\u00e6g.<br>Jeg har d\u00f8gnservice.<\/p>\n\n\n\n<figure class=\"wp-block-image size-full\"><img decoding=\"async\" loading=\"lazy\" width=\"991\" height=\"508\" src=\"https:\/\/pb-kloakservice.dk\/wp-content\/uploads\/2022\/02\/pb-kloakservicebil.png\" alt=\"\" class=\"wp-image-20\" srcset=\"https:\/\/pb-kloakservice.dk\/wp-content\/uploads\/2022\/02\/pb-kloakservicebil.png 991w, https:\/\/pb-kloakservice.dk\/wp-content\/uploads\/2022\/02\/pb-kloakservicebil-300x154.png 300w, https:\/\/pb-kloakservice.dk\/wp-content\/uploads\/2022\/02\/pb-kloakservicebil-768x394.png 768w\" sizes=\"(max-width: 991px) 100vw, 991px\" \/><\/figure>\n\n\n\n<p><\/p>\n\n\n\n<div class=\"is-layout-flex wp-block-buttons\">\n<div class=\"wp-block-button\"><a class=\"wp-block-button__link\" href=\"https:\/\/www.facebook.com\/PB-KloakService-ApS-100525925901829\/\" target=\"_blank\" rel=\"noreferrer noopener\">Facebook<\/a><\/div>\n<\/div>\n\n\n\n<p>Tlf-nr.: 4260 9191<br>CVR: 42869759<\/p>\n[\/et_pb_text][\/et_pb_column]\n\t\t\t[\/et_pb_row]\n\t\t[\/et_pb_section]","protected":false},"excerpt":{"rendered":"<p>Jeg tilbyder kloak service p\u00e5 stoppede afl\u00f8b, kloakker, k\u00f8kkenvaske osv&#8230;Mit udstyr er en spulebil, den kommer nemt rundt fylder ikke meget og er meget udbredt i kbh. f.eks.Den har intet sug s\u00e5 f.eks. t\u00f8mning af vejbr\u00f8nde\/septiktanke\/toilet tanke er ikke lige dens st\u00e6rke side, men har nogen dygtige samarbejdspartnere hvis det skal l\u00f8ses. Men alt andet [&hellip;]<\/p>\n","protected":false},"author":1,"featured_media":0,"parent":0,"menu_order":0,"comment_status":"closed","ping_status":"open","template":"","meta":{"_seopress_robots_primary_cat":"","_et_pb_use_builder":"on","_et_pb_old_content":"<!-- wp:buttons -->\n<div class=\"wp-block-buttons\"><!-- wp:button \/--><\/div>\n<!-- \/wp:buttons -->\n\n<!-- wp:paragraph -->\n<p><br>Jeg tilbyder kloak service p\u00e5 stoppede afl\u00f8b, kloakker, k\u00f8kkenvaske osv...<br><br>Mit udstyr er en spulebil, den kommer nemt rundt fylder ikke meget og er meget udbredt i kbh. f.eks.<br><br>Den har intet sug s\u00e5 f.eks. t\u00f8mning af vejbr\u00f8nde\/septiktanke\/toilet tanke er ikke lige dens st\u00e6rke side, men har nogen dygtige samarbejdspartnere hvis det skal l\u00f8ses. Men alt andet klare den til UG.<br><br>Den har Rioned UrbanJet kloak spuler, den kan levere 200 bar vandtryk og alt inden for sk\u00e6remaskiner og skadeservice st\u00f8vsuger med pumpe og et kloak tv der kan optage. <br><br>Har valgt at starte selvst\u00e6ndigt og med 10 \u00e5rs erfaring har jeg set og pr\u00f8vet det meste.<br><br>Ingen skjulte gebyr eller till\u00e6g.<br>Jeg har d\u00f8gnservice.<\/p>\n<!-- \/wp:paragraph -->\n\n<!-- wp:image {\"id\":20,\"sizeSlug\":\"full\",\"linkDestination\":\"none\"} -->\n<figure class=\"wp-block-image size-full\"><img src=\"https:\/\/pb-kloakservice.dk\/wp-content\/uploads\/2022\/02\/pb-kloakservicebil.png\" alt=\"\" class=\"wp-image-20\"\/><\/figure>\n<!-- \/wp:image -->\n\n<!-- wp:paragraph -->\n<p><\/p>\n<!-- \/wp:paragraph -->\n\n<!-- wp:buttons -->\n<div class=\"wp-block-buttons\"><!-- wp:button -->\n<div class=\"wp-block-button\"><a class=\"wp-block-button__link\" href=\"https:\/\/www.facebook.com\/PB-KloakService-ApS-100525925901829\/\" target=\"_blank\" rel=\"noreferrer noopener\">Facebook<\/a><\/div>\n<!-- \/wp:button --><\/div>\n<!-- \/wp:buttons -->\n\n<!-- wp:paragraph -->\n<p>Tlf-nr.: 4260 9191<br>CVR: 42869759<\/p>\n<!-- \/wp:paragraph -->","_et_gb_content_width":"","_mi_skip_tracking":false,"_breakdance_hide_in_design_set":false,"_breakdance_tags":""},"_links":{"self":[{"href":"https:\/\/pb-kloakservice.dk\/index.php\/wp-json\/wp\/v2\/pages\/2"}],"collection":[{"href":"https:\/\/pb-kloakservice.dk\/index.php\/wp-json\/wp\/v2\/pages"}],"about":[{"href":"https:\/\/pb-kloakservice.dk\/index.php\/wp-json\/wp\/v2\/types\/page"}],"author":[{"embeddable":true,"href":"https:\/\/pb-kloakservice.dk\/index.php\/wp-json\/wp\/v2\/users\/1"}],"replies":[{"embeddable":true,"href":"https:\/\/pb-kloakservice.dk\/index.php\/wp-json\/wp\/v2\/comments?post=2"}],"version-history":[{"count":10,"href":"https:\/\/pb-kloakservice.dk\/index.php\/wp-json\/wp\/v2\/pages\/2\/revisions"}],"predecessor-version":[{"id":4081,"href":"https:\/\/pb-kloakservice.dk\/index.php\/wp-json\/wp\/v2\/pages\/2\/revisions\/4081"}],"wp:attachment":[{"href":"https:\/\/pb-kloakservice.dk\/index.php\/wp-json\/wp\/v2\/media?parent=2"}],"curies":[{"name":"wp","href":"https:\/\/api.w.org\/{rel}","templated":true}]}}